{"id":1160,"date":"2026-03-20T07:50:16","date_gmt":"2026-03-20T06:50:16","guid":{"rendered":"https:\/\/anca.sinnebild.se\/?page_id=1160"},"modified":"2026-03-26T13:19:52","modified_gmt":"2026-03-26T12:19:52","slug":"om-oss","status":"publish","type":"page","link":"https:\/\/anca.sinnebild.se\/?page_id=1160","title":{"rendered":"H\u00e5llbarhet"},"content":{"rendered":"\t\t<div data-elementor-type=\"wp-page\" data-elementor-id=\"1160\" class=\"elementor elementor-1160\" data-elementor-post-type=\"page\">\n\t\t\t\t<div class=\"elementor-element elementor-element-2c6a6ff e-flex e-con-boxed e-con e-parent\" data-id=\"2c6a6ff\" data-element_type=\"container\" data-e-type=\"container\">\n\t\t\t\t\t<div class=\"e-con-inner\">\n\t\t<div class=\"elementor-element elementor-element-526b371 e-con-full e-flex e-con e-child\" data-id=\"526b371\" data-element_type=\"container\" data-e-type=\"container\" data-settings=\"{&quot;background_background&quot;:&quot;classic&quot;}\">\n\t\t<div class=\"elementor-element elementor-element-b4183b4 e-con-full e-flex e-con e-child\" data-id=\"b4183b4\" data-element_type=\"container\" data-e-type=\"container\">\n\t\t\t\t<div class=\"elementor-element elementor-element-9153e05 elementor-invisible elementor-widget elementor-widget-heading\" data-id=\"9153e05\" data-element_type=\"widget\" data-e-type=\"widget\" data-settings=\"{&quot;_animation&quot;:&quot;fadeIn&quot;}\" data-widget_type=\"heading.default\">\n\t\t\t\t\t<h1 class=\"elementor-heading-title elementor-size-default\">H\u00e5llbarhet<\/h1>\t\t\t\t<\/div>\n\t\t\t\t<div class=\"elementor-element elementor-element-01b6354 elementor-invisible elementor-widget elementor-widget-text-editor\" data-id=\"01b6354\" data-element_type=\"widget\" data-e-type=\"widget\" data-settings=\"{&quot;_animation&quot;:&quot;fadeIn&quot;}\" data-widget_type=\"text-editor.default\">\n\t\t\t\t\t\t\t\t\t<p>Hos oss \u00e4r h\u00e5llbarhet inte ett l\u00f6fte p\u00e5 papper, utan ett f\u00f6rh\u00e5llningss\u00e4tt som genomsyrar varje beslut vi tar. F\u00f6r oss handlar h\u00e5llbar inredning om att skapa milj\u00f6er som respekterar planetens gr\u00e4nser, s\u00e4tter m\u00e4nniskan i centrum och st\u00e5r stadigt \u00f6ver tid.<\/p>\t\t\t\t\t\t\t\t<\/div>\n\t\t\t\t<div class=\"elementor-element elementor-element-7d46d78 elementor-invisible elementor-widget elementor-widget-heading\" data-id=\"7d46d78\" data-element_type=\"widget\" data-e-type=\"widget\" data-settings=\"{&quot;_animation&quot;:&quot;fadeIn&quot;}\" data-widget_type=\"heading.default\">\n\t\t\t\t\t<h2 class=\"elementor-heading-title elementor-size-default\">Med omtanke om planeten<\/h2>\t\t\t\t<\/div>\n\t\t\t\t<div class=\"elementor-element elementor-element-52c62a3 elementor-invisible elementor-widget elementor-widget-text-editor\" data-id=\"52c62a3\" data-element_type=\"widget\" data-e-type=\"widget\" data-settings=\"{&quot;_animation&quot;:&quot;fadeIn&quot;}\" data-widget_type=\"text-editor.default\">\n\t\t\t\t\t\t\t\t\t<p>Vi ser v\u00e4rdet i det som redan finns. \u00c5terbruk, cirkul\u00e4ra l\u00f6sningar och medvetna materialval \u00e4r sj\u00e4lvklara delar av v\u00e5r process. Genom att v\u00e4lja lokalt, milj\u00f6m\u00e4rkt och l\u00e5ngsiktigt h\u00e5llbart minskar vi klimatp\u00e5verkan och bidrar till en mer ansvarsfull bransch. Vi vill p\u00e5verka \u2013 v\u00e5ra projekt, v\u00e5ra samarbeten och utvecklingen i stort.<\/p>\t\t\t\t\t\t\t\t<\/div>\n\t\t\t\t<div class=\"elementor-element elementor-element-bf2dc06 elementor-invisible elementor-widget elementor-widget-heading\" data-id=\"bf2dc06\" data-element_type=\"widget\" data-e-type=\"widget\" data-settings=\"{&quot;_animation&quot;:&quot;fadeIn&quot;}\" data-widget_type=\"heading.default\">\n\t\t\t\t\t<h2 class=\"elementor-heading-title elementor-size-default\">Med m\u00e4nniskan i fokus<\/h2>\t\t\t\t<\/div>\n\t\t\t\t<div class=\"elementor-element elementor-element-40daa9c elementor-invisible elementor-widget elementor-widget-text-editor\" data-id=\"40daa9c\" data-element_type=\"widget\" data-e-type=\"widget\" data-settings=\"{&quot;_animation&quot;:&quot;fadeIn&quot;}\" data-widget_type=\"text-editor.default\">\n\t\t\t\t\t\t\t\t\t<p>H\u00e5llbara rum \u00e4r rum d\u00e4r m\u00e4nniskor m\u00e5r bra. Vi arbetar med produkter och leverant\u00f6rer som tar ansvar f\u00f6r hela tillverkningskedjan och skapar interi\u00f6rer som \u00e4r inkluderande, h\u00e4lsosamma och m\u00e4nskliga. Milj\u00f6er som st\u00e4rker v\u00e4lbefinnande, gemenskap och kreativitet \u2013 och d\u00e4r alla k\u00e4nner sig v\u00e4lkomna.<\/p>\t\t\t\t\t\t\t\t<\/div>\n\t\t\t\t<div class=\"elementor-element elementor-element-b16cb26 elementor-invisible elementor-widget elementor-widget-heading\" data-id=\"b16cb26\" data-element_type=\"widget\" data-e-type=\"widget\" data-settings=\"{&quot;_animation&quot;:&quot;fadeIn&quot;}\" data-widget_type=\"heading.default\">\n\t\t\t\t\t<h2 class=\"elementor-heading-title elementor-size-default\">Med blicken mot framtiden<\/h2>\t\t\t\t<\/div>\n\t\t\t\t<div class=\"elementor-element elementor-element-fc230ac elementor-invisible elementor-widget elementor-widget-text-editor\" data-id=\"fc230ac\" data-element_type=\"widget\" data-e-type=\"widget\" data-settings=\"{&quot;_animation&quot;:&quot;fadeIn&quot;}\" data-widget_type=\"text-editor.default\">\n\t\t\t\t\t\t\t\t\t<p>Vi formger inte f\u00f6r snabba trender, utan f\u00f6r ett l\u00e5ngsiktigt v\u00e4rde. Genomt\u00e4nkt design, tidl\u00f6sa uttryck och kvalitativa l\u00f6sningar g\u00f6r v\u00e5ra projekt till h\u00e5llbara investeringar \u2013 ekonomiskt, estetiskt och funktionellt. Vi guidar dig i val som h\u00e5ller, och i ett t\u00e4nkande som str\u00e4cker sig l\u00e4ngre \u00e4n idag.<\/p>\t\t\t\t\t\t\t\t<\/div>\n\t\t\t\t<\/div>\n\t\t\t\t<\/div>\n\t\t\t\t\t<\/div>\n\t\t\t\t<\/div>\n\t\t\t\t<\/div>\n\t\t","protected":false},"excerpt":{"rendered":"<p>H\u00e5llbarhet Hos oss \u00e4r h\u00e5llbarhet inte ett l\u00f6fte p\u00e5 papper, utan ett f\u00f6rh\u00e5llningss\u00e4tt som genomsyrar varje beslut vi tar. F\u00f6r oss handlar h\u00e5llbar inredning om att skapa milj\u00f6er som respekterar planetens gr\u00e4nser, s\u00e4tter m\u00e4nniskan i centrum och st\u00e5r stadigt \u00f6ver tid. Med omtanke om planeten Vi ser v\u00e4rdet i det som redan finns. \u00c5terbruk, cirkul\u00e4ra [&hellip;]<\/p>\n","protected":false},"author":1,"featured_media":0,"parent":0,"menu_order":0,"comment_status":"closed","ping_status":"closed","template":"","meta":{"footnotes":""},"class_list":["post-1160","page","type-page","status-publish","hentry"],"_links":{"self":[{"href":"https:\/\/anca.sinnebild.se\/index.php?rest_route=\/wp\/v2\/pages\/1160","targetHints":{"allow":["GET"]}}],"collection":[{"href":"https:\/\/anca.sinnebild.se\/index.php?rest_route=\/wp\/v2\/pages"}],"about":[{"href":"https:\/\/anca.sinnebild.se\/index.php?rest_route=\/wp\/v2\/types\/page"}],"author":[{"embeddable":true,"href":"https:\/\/anca.sinnebild.se\/index.php?rest_route=\/wp\/v2\/users\/1"}],"replies":[{"embeddable":true,"href":"https:\/\/anca.sinnebild.se\/index.php?rest_route=%2Fwp%2Fv2%2Fcomments&post=1160"}],"version-history":[{"count":29,"href":"https:\/\/anca.sinnebild.se\/index.php?rest_route=\/wp\/v2\/pages\/1160\/revisions"}],"predecessor-version":[{"id":1316,"href":"https:\/\/anca.sinnebild.se\/index.php?rest_route=\/wp\/v2\/pages\/1160\/revisions\/1316"}],"wp:attachment":[{"href":"https:\/\/anca.sinnebild.se\/index.php?rest_route=%2Fwp%2Fv2%2Fmedia&parent=1160"}],"curies":[{"name":"wp","href":"https:\/\/api.w.org\/{rel}","templated":true}]}}