{"id":1201,"date":"2026-03-20T11:23:10","date_gmt":"2026-03-20T10:23:10","guid":{"rendered":"https:\/\/anca.sinnebild.se\/?page_id=1201"},"modified":"2026-03-24T13:59:15","modified_gmt":"2026-03-24T12:59:15","slug":"tjanster","status":"publish","type":"page","link":"https:\/\/anca.sinnebild.se\/?page_id=1201","title":{"rendered":"Tj\u00e4nster"},"content":{"rendered":"\t\t<div data-elementor-type=\"wp-page\" data-elementor-id=\"1201\" class=\"elementor elementor-1201\" data-elementor-post-type=\"page\">\n\t\t\t\t<div class=\"elementor-element elementor-element-b0b51e6 e-flex e-con-boxed e-con e-parent\" data-id=\"b0b51e6\" data-element_type=\"container\" data-e-type=\"container\" data-settings=\"{&quot;background_background&quot;:&quot;classic&quot;}\">\n\t\t\t\t\t<div class=\"e-con-inner\">\n\t\t<div class=\"elementor-element elementor-element-9ccf994 e-con-full e-flex e-con e-child\" data-id=\"9ccf994\" data-element_type=\"container\" data-e-type=\"container\" data-settings=\"{&quot;background_background&quot;:&quot;classic&quot;}\">\n\t\t\t\t<div class=\"elementor-element elementor-element-48b6522 elementor-invisible elementor-widget elementor-widget-heading\" data-id=\"48b6522\" data-element_type=\"widget\" data-e-type=\"widget\" data-settings=\"{&quot;_animation&quot;:&quot;fadeIn&quot;}\" data-widget_type=\"heading.default\">\n\t\t\t\t\t<h2 class=\"elementor-heading-title elementor-size-default\">Tj\u00e4nster<\/h2>\t\t\t\t<\/div>\n\t\t\t\t<div class=\"elementor-element elementor-element-b528e78 elementor-invisible elementor-widget elementor-widget-heading\" data-id=\"b528e78\" data-element_type=\"widget\" data-e-type=\"widget\" data-settings=\"{&quot;_animation&quot;:&quot;fadeIn&quot;}\" data-widget_type=\"heading.default\">\n\t\t\t\t\t<h2 class=\"elementor-heading-title elementor-size-default\">Analys \u2013 Arbetsplatsstrategi med verksamheten i fokus<\/h2>\t\t\t\t<\/div>\n\t\t\t\t<div class=\"elementor-element elementor-element-dd1e98e elementor-invisible elementor-widget elementor-widget-text-editor\" data-id=\"dd1e98e\" data-element_type=\"widget\" data-e-type=\"widget\" data-settings=\"{&quot;_animation&quot;:&quot;fadeIn&quot;}\" data-widget_type=\"text-editor.default\">\n\t\t\t\t\t\t\t\t\t<p>En h\u00e5llbar och v\u00e4lfungerande arbetsplats \u00e4r ett strategiskt verktyg \u2013 inte bara en fysisk milj\u00f6. I v\u00e5r analysfas tar vi ett helhetsgrepp om sambandet mellan verksamhet, arbetss\u00e4tt och plats, och utvecklar vid behov en komplett arbetsplatsstrategi som st\u00f6djer b\u00e5de dagens behov och framtida utveckling.<\/p><p>Arbetet inleds med att vi etablerar tydliga ramar f\u00f6r uppdraget och skapar samsyn kring m\u00e5l, ambitioner och beslutsstruktur. Genom f\u00f6rdjupad verksamhetsanalys kartl\u00e4gger vi nul\u00e4ge, arbetss\u00e4tt, organisation, kultur och lokalutnyttjande. Vi analyserar hur verksamheten fungerar idag \u2013 och hur den vill fungera fram\u00e5t f\u00f6r att n\u00e5 sina m\u00e5l.<\/p><p>Med insikterna som grund utvecklar vi en samlad behovsbild och en tydlig m\u00e5lbild f\u00f6r arbetsplatsen. Analysen s\u00e4kerst\u00e4ller att r\u00e4tt beslut tas tidigt \u2013 vilket sparar b\u00e5de tid och kostnader i kommande skeden och skapar l\u00f6sningar som \u00e4r verksamhetsanpassade, flexiblaoch redo att m\u00f6ta f\u00f6r\u00e4ndring \u00f6ver tid.<\/p><p>\u00a0<\/p><p><strong>Analysen kan skalas upp till en komplett arbetsplatsstrategi som kan omfatta:<\/strong><\/p><ul><li class=\"s4\"><span class=\"s3\">P<\/span>rinciper f\u00f6r hur och var arbetet utf\u00f6rs.<\/li><li>Balans mellan individuellt arbete, samarbete och m\u00f6ten.<\/li><li class=\"s4\"><span class=\"s3\">R<\/span>iktlinjer f\u00f6r zonindelning, funktioner och yteffektivitet.<\/li><li class=\"s4\">St\u00f6d f\u00f6r f\u00f6r\u00e4ndrade arbetss\u00e4tt.<\/li><li class=\"s4\">Koppling till arbetsmilj\u00f6, h\u00e5llbarhet och l\u00e5ngsiktig ekonomi.<\/li><\/ul><div>\u00a0<\/div><div class=\"s4\">Strategin fungerar som ett styrande dokument f\u00f6r fortsatt utformning, beslut och investeringar \u2013 och skapar trygghet i processen genom att alla parter arbetar mot samma m\u00e5l.<\/div>\t\t\t\t\t\t\t\t<\/div>\n\t\t\t\t<\/div>\n\t\t<div class=\"elementor-element elementor-element-c3172ec e-con-full e-flex e-con e-child\" data-id=\"c3172ec\" data-element_type=\"container\" data-e-type=\"container\" data-settings=\"{&quot;background_background&quot;:&quot;classic&quot;}\">\n\t\t<div class=\"elementor-element elementor-element-b2cfb0e e-con-full e-flex e-con e-child\" data-id=\"b2cfb0e\" data-element_type=\"container\" data-e-type=\"container\" data-settings=\"{&quot;background_background&quot;:&quot;classic&quot;}\">\n\t\t\t\t<\/div>\n\t\t<div class=\"elementor-element elementor-element-af1b356 e-con-full e-flex e-con e-child\" data-id=\"af1b356\" data-element_type=\"container\" data-e-type=\"container\" data-settings=\"{&quot;background_background&quot;:&quot;classic&quot;}\">\n\t\t\t\t<\/div>\n\t\t\t\t<\/div>\n\t\t\t\t\t<\/div>\n\t\t\t\t<\/div>\n\t\t<div class=\"elementor-element elementor-element-2e687ed e-flex e-con-boxed e-con e-parent\" data-id=\"2e687ed\" data-element_type=\"container\" data-e-type=\"container\" data-settings=\"{&quot;background_background&quot;:&quot;classic&quot;}\">\n\t\t\t\t\t<div class=\"e-con-inner\">\n\t\t<div class=\"elementor-element elementor-element-5e25809 e-con-full e-flex e-con e-child\" data-id=\"5e25809\" data-element_type=\"container\" data-e-type=\"container\" data-settings=\"{&quot;background_background&quot;:&quot;classic&quot;}\">\n\t\t<div class=\"elementor-element elementor-element-e598040 e-con-full e-flex e-con e-child\" data-id=\"e598040\" data-element_type=\"container\" data-e-type=\"container\" data-settings=\"{&quot;background_background&quot;:&quot;classic&quot;}\">\n\t\t\t\t<\/div>\n\t\t<div class=\"elementor-element elementor-element-5c41dba e-con-full e-flex e-con e-child\" data-id=\"5c41dba\" data-element_type=\"container\" data-e-type=\"container\" data-settings=\"{&quot;background_background&quot;:&quot;classic&quot;}\">\n\t\t\t\t<\/div>\n\t\t\t\t<\/div>\n\t\t<div class=\"elementor-element elementor-element-374cae6 e-con-full e-flex e-con e-child\" data-id=\"374cae6\" data-element_type=\"container\" data-e-type=\"container\" data-settings=\"{&quot;background_background&quot;:&quot;classic&quot;}\">\n\t\t\t\t<div class=\"elementor-element elementor-element-1a2a140 elementor-invisible elementor-widget elementor-widget-heading\" data-id=\"1a2a140\" data-element_type=\"widget\" data-e-type=\"widget\" data-settings=\"{&quot;_animation&quot;:&quot;fadeIn&quot;}\" data-widget_type=\"heading.default\">\n\t\t\t\t\t<h2 class=\"elementor-heading-title elementor-size-default\">Utformning &amp; inredningsarkitektur<\/h2>\t\t\t\t<\/div>\n\t\t\t\t<div class=\"elementor-element elementor-element-67394d6 elementor-invisible elementor-widget elementor-widget-text-editor\" data-id=\"67394d6\" data-element_type=\"widget\" data-e-type=\"widget\" data-settings=\"{&quot;_animation&quot;:&quot;fadeIn&quot;}\" data-widget_type=\"text-editor.default\">\n\t\t\t\t\t\t\t\t\t<p>Med utg\u00e5ngspunkt i analys och arbetsplatsstrategi utvecklar vi genomarbetade helhetsl\u00f6sningar som fungerar i praktiken \u2013 fr\u00e5n \u00f6vergripande principer till detaljer som m\u00f6ter vardagens behov.<\/p><p>Arbetet inleds med att vi tar fram en \u00f6vergripande utformningsplan som tydligg\u00f6r lokaldisposition, samband, zonindelning och funktionella fl\u00f6den. D\u00e4refter f\u00f6rdjupar vi l\u00f6sningarna genom detaljerad zonering, m\u00f6bleringsprinciper och funktioner, alltid anpassat till verksamhetens arbetss\u00e4tt, kultur och framtida utveckling.<\/p><p>En central del i v\u00e5rt arbete \u00e4r alltid cirkularitet och h\u00e5llbarhet. Vi inventerar befintligt m\u00f6belbest\u00e5nd och analyserar hur resurser kan \u00e5terbrukas, kompletteras eller omf\u00f6rdelas. Genom att f\u00f6resl\u00e5 cirkul\u00e4ra m\u00f6belfl\u00f6den, l\u00e5ngsiktigt h\u00e5llbara material och flexibla l\u00f6sningar minimerar vi b\u00e5de klimatp\u00e5verkan och investeringskostnader \u2013 utan att kompromissa med kvalitet eller gestaltning.<\/p><p><strong>Utformningen konkretiseras i tydliga besluts- och upphandlingsunderlag som omfattar:<\/strong><\/p><div class=\"s4\"><span class=\"s3\">\u2022 <\/span>m\u00f6beltyper, funktioner och typrum<\/div><div class=\"s4\"><span class=\"s3\">\u2022 <\/span>principer f\u00f6r \u00e5terbruk och ink\u00f6p<\/div><div class=\"s4\"><span class=\"s3\">\u2022 <\/span>h\u00e5llbarhetskrav och livscykelperspektiv<\/div><div class=\"s4\"><span class=\"s3\">\u2022 <\/span>kostnadsbed\u00f6mningar och prioriteringar<\/div><div class=\"s4\"><span class=\"s3\">\u2022 <\/span>underlag f\u00f6r upphandling och genomf\u00f6rande<\/div><div class=\"s4\">\u00a0<\/div><p>Parallellt arbetar vi n\u00e4ra verksamheten genom dialog, workshops och f\u00f6r\u00e4ndringsledning f\u00f6r att s\u00e4kerst\u00e4lla delaktighet, medskapande och f\u00f6rankring. Vi st\u00f6ttar \u00e4ven genom genomf\u00f6randefasen med samordning, kvalitetss\u00e4kring och uppf\u00f6ljning \u2013 hela v\u00e4gen fram till inflyttning och lokaler i bruk.<\/p><p>Resultatet \u00e4r genomt\u00e4nkta, verksamhetsanpassade och l\u00e5ngsiktigt h\u00e5llbara milj\u00f6er d\u00e4r resurser anv\u00e4nds klokt, f\u00f6r\u00e4ndring \u00e4r inbyggd och d\u00e4r b\u00e5de m\u00e4nniskor och verksamhet kan utvecklas \u00f6ver tid.<\/p>\t\t\t\t\t\t\t\t<\/div>\n\t\t\t\t<\/div>\n\t\t\t\t\t<\/div>\n\t\t\t\t<\/div>\n\t\t<div class=\"elementor-element elementor-element-2ba4184 e-flex e-con-boxed e-con e-parent\" data-id=\"2ba4184\" data-element_type=\"container\" data-e-type=\"container\">\n\t\t\t\t\t<div class=\"e-con-inner\">\n\t\t\t\t\t<\/div>\n\t\t\t\t<\/div>\n\t\t\t\t<\/div>\n\t\t","protected":false},"excerpt":{"rendered":"<p>Tj\u00e4nster Analys \u2013 Arbetsplatsstrategi med verksamheten i fokus En h\u00e5llbar och v\u00e4lfungerande arbetsplats \u00e4r ett strategiskt verktyg \u2013 inte bara en fysisk milj\u00f6. I v\u00e5r analysfas tar vi ett helhetsgrepp om sambandet mellan verksamhet, arbetss\u00e4tt och plats, och utvecklar vid behov en komplett arbetsplatsstrategi som st\u00f6djer b\u00e5de dagens behov och framtida utveckling. Arbetet inleds med [&hellip;]<\/p>\n","protected":false},"author":1,"featured_media":0,"parent":0,"menu_order":0,"comment_status":"closed","ping_status":"closed","template":"","meta":{"footnotes":""},"class_list":["post-1201","page","type-page","status-publish","hentry"],"_links":{"self":[{"href":"https:\/\/anca.sinnebild.se\/index.php?rest_route=\/wp\/v2\/pages\/1201","targetHints":{"allow":["GET"]}}],"collection":[{"href":"https:\/\/anca.sinnebild.se\/index.php?rest_route=\/wp\/v2\/pages"}],"about":[{"href":"https:\/\/anca.sinnebild.se\/index.php?rest_route=\/wp\/v2\/types\/page"}],"author":[{"embeddable":true,"href":"https:\/\/anca.sinnebild.se\/index.php?rest_route=\/wp\/v2\/users\/1"}],"replies":[{"embeddable":true,"href":"https:\/\/anca.sinnebild.se\/index.php?rest_route=%2Fwp%2Fv2%2Fcomments&post=1201"}],"version-history":[{"count":46,"href":"https:\/\/anca.sinnebild.se\/index.php?rest_route=\/wp\/v2\/pages\/1201\/revisions"}],"predecessor-version":[{"id":1285,"href":"https:\/\/anca.sinnebild.se\/index.php?rest_route=\/wp\/v2\/pages\/1201\/revisions\/1285"}],"wp:attachment":[{"href":"https:\/\/anca.sinnebild.se\/index.php?rest_route=%2Fwp%2Fv2%2Fmedia&parent=1201"}],"curies":[{"name":"wp","href":"https:\/\/api.w.org\/{rel}","templated":true}]}}